{"id":4321,"date":"2019-11-15T10:35:27","date_gmt":"2019-11-15T03:35:27","guid":{"rendered":"https:\/\/chacavungtau.com\/bai-viet\/?post_type=product&#038;p=4321"},"modified":"2019-11-15T14:02:45","modified_gmt":"2019-11-15T07:02:45","slug":"cha-ca-ban-banh-mi-loai-1","status":"publish","type":"product","link":"https:\/\/chacavungtau.com\/bai-viet\/product\/cha-ca-ban-banh-mi-loai-1\/","title":{"rendered":"Ch\u1ea3 c\u00e1 b\u00e1n b\u00e1nh m\u00ec (lo\u1ea1i 1)"},"content":{"rendered":"<p>Ch\u1ea3 c\u00e1 chuy\u00ean d\u00e0nh cho xe b\u00e1n b\u00e1nh m\u00ec ch\u1ea3 c\u00e1 \u0111\u01b0\u1ee3c l\u00e0m t\u1eeb c\u00e1 M\u1ed1i bi\u1ec3n nguy\u00ean ch\u1ea5t t\u01b0\u01a1i ngon t\u1eeb V\u00f9ng T\u00e0u. V\u1edbi ph\u00e2n x\u01b0\u1edfng l\u1edbn c\u00f9ng quy tr\u00ecnh kh\u00e9p k\u00edn ch\u00fang t\u00f4i lu\u00f4n \u0111\u1ea3m b\u1ea3o ch\u1ea5t l\u01b0\u1ee3ng c\u0169ng nh\u01b0 s\u1ed1 l\u01b0\u1ee3ng qu\u00fd kh\u00e1ch y\u00eau c\u1ea7u. V\u1edbi h\u01a1n 7 n\u0103m kinh nghi\u1ec7m trong l\u0129nh v\u1ef1c s\u1ea3n xu\u1ea5t v\u00e0 ph\u00e2n ph\u1ed1i ch\u1ea3 c\u00e1 \u0111i c\u00e1c t\u1ec9nh th\u00e0nh n\u00ean qu\u00fd kh\u00e1ch h\u00e0ng ch\u1ecdn chacavungtau.com l\u00e0 nh\u00e0 ph\u00e2n ph\u1ed1i \u00fay t\u00ednh h\u00e0ng \u0111\u1ea7u.<\/p>\n<p><strong>\u0110\u1eb7c t\u1ea3 s\u1ea3n ph\u1ea9m:<\/strong><\/p>\n<p>+ \u0110\u01b0\u1ee3c l\u00e0m t\u1eeb c\u00e1 M\u1ed1i bi\u1ec3n<br \/>\n+ \u0110\u00f3ng th\u00e0nh ph\u1ea9m 2kg<br \/>\n+ \u01af\u1edbp d\u1ea7y \u0111\u1ee7 gia v\u1ecb<br \/>\n+ Gia v\u1ecb g\u1ed3m: Ti\u00eau, h\u00e0nh, t\u1ecfi, mu\u1ed1i, \u0111\u01b0\u1eddng.<br \/>\n+ B\u1ea3o qu\u1ea3n \u0111\u01b0\u1ee3c 2 ng\u00e0y \u01b0\u1edbp \u0111\u00e1, 7 ng\u00e0y trong ng\u0103n \u0111\u00f4ng<\/p>\n<p><span style=\"font-size: 130%; color: #ff0000;\">T\u01b0 v\u1ea5n m\u1edf xe b\u00e1nh m\u00ec ch\u1ea3 c\u00e1 v\u00e0 ch\u1ea3 c\u00e1 vui l\u00f2ng g\u1ecdi: 0963 454 868 ho\u1eb7c th\u00eam Zalo 0963 454 868<\/span><\/p>\n","protected":false},"excerpt":{"rendered":"<p>Ch\u1ea3 c\u00e1 chuy\u00ean d\u00e0nh cho xe b\u00e1n b\u00e1nh m\u00ec ch\u1ea3 c\u00e1 \u0111\u01b0\u1ee3c l\u00e0m t\u1eeb c\u00e1 M\u1ed1i bi\u1ec3n nguy\u00ean ch\u1ea5t t\u01b0\u01a1i ngon t\u1eeb V\u00f9ng T\u00e0u. V\u1edbi ph\u00e2n x\u01b0\u1edfng l\u1edbn c\u00f9ng quy tr\u00ecnh kh\u00e9p k\u00edn ch\u00fang t\u00f4i lu\u00f4n \u0111\u1ea3m b\u1ea3o ch\u1ea5t l\u01b0\u1ee3ng c\u0169ng nh\u01b0 s\u1ed1 l\u01b0\u1ee3ng qu\u00fd kh\u00e1ch y\u00eau c\u1ea7u. V\u1edbi h\u01a1n 7 n\u0103m kinh nghi\u1ec7m trong [&#8230;]\n","protected":false},"featured_media":4324,"template":"","meta":[],"product_brand":[],"product_cat":[480,481],"product_tag":[493,494],"class_list":{"0":"post-4321","1":"product","2":"type-product","3":"status-publish","4":"has-post-thumbnail","6":"product_cat-cha-ca","7":"product_cat-cha-ca-ban-banh-mi","8":"product_tag-cha-ca-ban-banh-mi","9":"product_tag-cha-ca-vung-tau","11":"first","12":"instock","13":"sale","14":"shipping-taxable","15":"purchasable","16":"product-type-simple"},"_links":{"self":[{"href":"https:\/\/chacavungtau.com\/bai-viet\/wp-json\/wp\/v2\/product\/4321","targetHints":{"allow":["GET"]}}],"collection":[{"href":"https:\/\/chacavungtau.com\/bai-viet\/wp-json\/wp\/v2\/product"}],"about":[{"href":"https:\/\/chacavungtau.com\/bai-viet\/wp-json\/wp\/v2\/types\/product"}],"wp:featuredmedia":[{"embeddable":true,"href":"https:\/\/chacavungtau.com\/bai-viet\/wp-json\/wp\/v2\/media\/4324"}],"wp:attachment":[{"href":"https:\/\/chacavungtau.com\/bai-viet\/wp-json\/wp\/v2\/media?parent=4321"}],"wp:term":[{"taxonomy":"product_brand","embeddable":true,"href":"https:\/\/chacavungtau.com\/bai-viet\/wp-json\/wp\/v2\/product_brand?post=4321"},{"taxonomy":"product_cat","embeddable":true,"href":"https:\/\/chacavungtau.com\/bai-viet\/wp-json\/wp\/v2\/product_cat?post=4321"},{"taxonomy":"product_tag","embeddable":true,"href":"https:\/\/chacavungtau.com\/bai-viet\/wp-json\/wp\/v2\/product_tag?post=4321"}],"curies":[{"name":"wp","href":"https:\/\/api.w.org\/{rel}","templated":true}]}}