{"id":92,"date":"2017-06-05T04:49:04","date_gmt":"2017-06-05T04:49:04","guid":{"rendered":"https:\/\/chacavungtau.com\/bai-viet\/?page_id=92"},"modified":"2017-06-05T05:59:20","modified_gmt":"2017-06-05T05:59:20","slug":"cha-ca-gia-si","status":"publish","type":"page","link":"https:\/\/chacavungtau.com\/bai-viet\/cha-ca-gia-si\/","title":{"rendered":"Ch\u1ea3 c\u00e1 gi\u00e1 s\u1ec9 &#8211; Giao h\u00e0ng to\u00e0n qu\u1ed1c"},"content":{"rendered":"<h2>Ch\u1ea3 c\u00e1 V\u0169ng T\u00e0u chuy\u00ean cung c\u1ea5p ch\u1ea3 c\u00e1 gi\u00e1 s\u1ec9, gi\u00e1 r\u1ebb cho th\u1ecb tr\u01b0\u1eddng B\u1eafc &#8211; Trung &#8211; Nam. \u0110\u1eb7c bi\u1ec7t \u1edf TP HCM, B\u00ecnh D\u01b0\u01a1ng ch\u00fang t\u00f4i c\u00f3 xe giao h\u00e0ng t\u1eadn n\u01a1i.<\/h2>\n<figure id=\"attachment_93\" aria-describedby=\"caption-attachment-93\" style=\"width: 600px\" class=\"wp-caption aligncenter\"><img loading=\"lazy\" decoding=\"async\" class=\"size-full wp-image-93\" src=\"https:\/\/chacavungtau.com\/bai-viet\/wp-content\/uploads\/2017\/06\/bi-si-cha-ca.jpg\" alt=\"\" width=\"600\" height=\"307\" srcset=\"https:\/\/chacavungtau.com\/bai-viet\/wp-content\/uploads\/2017\/06\/bi-si-cha-ca.jpg 600w, https:\/\/chacavungtau.com\/bai-viet\/wp-content\/uploads\/2017\/06\/bi-si-cha-ca-300x154.jpg 300w\" sizes=\"auto, (max-width: 600px) 100vw, 600px\" \/><figcaption id=\"caption-attachment-93\" class=\"wp-caption-text\">B\u1ecf s\u1ec9 ch\u1ea3 c\u00e1 gi\u00e1 r\u1ebb<\/figcaption><\/figure>\n<p>V\u1edbi m\u1ee5c ti\u00eau v\u00e0 s\u1ee9 m\u1ec7nh \u0111em \u0111\u1ebfn th\u1ecb tr\u01b0\u1eddng ch\u1ea3 c\u00e1 ngu\u1ed3n sinh kh\u00ed m\u1edbi, Chacavungtau \u0111ang c\u1ed1 g\u1eafng t\u1eebng ng\u00e0y \u0111\u1ec3 ph\u00e1t tri\u1ec3n c\u00e1c s\u1ea3n ph\u1ea9m v\u1ec1 ch\u1ea3 c\u00e1 nh\u01b0 ch\u1ea3 c\u00e1 l\u00e0m b\u00e1nh m\u00ec ch\u1ea3 c\u00e1, ch\u1ea3 c\u00e1 chi\u00ean ngo\u00e0i ch\u1ee3, ch\u1ea3 c\u00e1 m\u1ed1i, ch\u1ea3 c\u00e1 thu,&#8230;Ch\u00fang t\u00f4i cung c\u1ea5p c\u00e1c s\u1ea3n ph\u1ea9m v\u1edbi gi\u00e1 b\u00e1n s\u1ec9 \u0111\u1ec3 ng\u01b0\u1eddi d\u00f9ng ti\u1ebfp c\u1eadn \u0111\u01b0\u1ee3c h\u00e0ng ch\u1ea5t l\u01b0\u1ee3ng t\u1ed1t v\u00e0 gi\u00e1 c\u1ea3 c\u0169ng ph\u1ea3i ch\u0103ng, c\u1eaft b\u1edbt \u0111i kh\u00e2u v\u1eadn chuy\u1ec3n v\u00e0 \u0111\u1ea1i l\u00fd c\u00e1c c\u1ea5p. V\u00ec th\u1ebf ch\u1ea3 c\u00e1 gi\u00e1 r\u1ebb \u0111i r\u1ea5t nhi\u1ec1u so v\u1edbi gi\u00e1 ch\u1ea3 c\u00e1 ngo\u00e0i th\u1ecb tr\u01b0\u1eddng. K\u00eanh ph\u00e2n ph\u1ed1i c\u1ee7a ch\u00fang t\u00f4i c\u00f3 h\u1ea7u h\u1ebft \u1edf c\u00e1c t\u1ec9nh th\u00e0nh tr\u00ean to\u00e0n qu\u1ed1c, ch\u1ea3 c\u00e1 lu\u00f4n \u0111\u01b0\u1ee3c s\u1ea3n xu\u1ea5t v\u00e0 ti\u00eau th\u1ee5 ngay trong ng\u00e0y \u0111\u1ec3 \u0111\u1ea3m b\u1ea3o \u0111\u1ed9 t\u01b0\u01a1i ngon v\u00e0 dai th\u01a1m nh\u1ea5t. N\u1ebfu chuy\u1ec3n xa ch\u00fang t\u00f4i \u0111\u1ec1u \u0111\u00f3ng th\u00f9ng x\u1ed1p, \u01b0\u1edbp \u0111\u00e1 \u0111\u1ea7y \u0111\u1ee7 trong qu\u00e1 tr\u00ecnh v\u1eadn chuy\u1ec3n. Qu\u00fd kh\u00e1ch h\u00e0ng ho\u00e0n to\u00e0n y\u00ean t\u00e2m v\u1ec1 ch\u1ea5t l\u01b0\u1ee3ng c\u0169ng nh\u01b0 s\u1ed1 l\u01b0\u1ee3ng khi \u0111\u1eb7t ni\u1ec1m tin v\u00e0o Chacavungtau.com. V\u1edbi b\u1ec1 d\u00e0y kinh nghi\u1ec7m trong linh v\u1ef1c s\u1ea3n xu\u1ea5t ch\u1ea3 c\u00e1, c\u00f9ng h\u1ec7 th\u1ed1ng xe b\u00e1nh m\u00ec ch\u1ea3 c\u00e1, ch\u00fang t\u00f4i s\u1ebd lu\u00f4n t\u01b0 v\u1ea5n, tham gia g\u00f3p \u00fd v\u1edbi qu\u00fd kh\u00e1ch nh\u1eefng \u0111i\u1ec1u b\u1ed5 \u00edch nh\u1ea5t \u0111\u1ec3 gi\u00fap qu\u00fd kh\u00e1ch c\u00f3 \u0111\u01b0\u1ee3c l\u01b0\u1ee3ng kh\u00e1ch h\u00e0ng nhi\u1ec1u nh\u1ea5t, kinh doanh b\u00e1nh m\u00ec ch\u1ea3 c\u00e1 hay b\u00e1n ch\u1ee3 \u0111\u1ea1t doanh s\u1ed1 cao nh\u1ea5t.<\/p>\n<figure id=\"attachment_44\" aria-describedby=\"caption-attachment-44\" style=\"width: 544px\" class=\"wp-caption aligncenter\"><img loading=\"lazy\" decoding=\"async\" class=\"wp-image-44 size-full\" src=\"https:\/\/chacavungtau.com\/bai-viet\/wp-content\/uploads\/2017\/05\/retina.png\" alt=\"\" width=\"544\" height=\"180\" srcset=\"https:\/\/chacavungtau.com\/bai-viet\/wp-content\/uploads\/2017\/05\/retina.png 544w, https:\/\/chacavungtau.com\/bai-viet\/wp-content\/uploads\/2017\/05\/retina-300x99.png 300w\" sizes=\"auto, (max-width: 544px) 100vw, 544px\" \/><figcaption id=\"caption-attachment-44\" class=\"wp-caption-text\">Chacavungtau.com<\/figcaption><\/figure>\n<p>\u0110\u1ec3 hi\u1ec3u r\u00f5 h\u01a1n v\u1ec1 Chacavungtau, xin m\u1eddi qu\u00fd kh\u00e1ch li\u00ean h\u1ec7 tr\u1ef1c ti\u1ebfp ho\u1eb7c \u0111i\u1ec7n tho\u1ea1i d\u1ec3 \u0111\u01b0\u1ee3c t\u01b0 v\u1ea5n t\u1eadn t\u00ecnh h\u01a1n. Ngo\u00e0i s\u1ea3n xu\u1ea5t v\u00e0 ph\u00e2n ph\u1ed1i ch\u1ea3 c\u00e1, Chacavungtau c\u0169ng chuy\u00ean thi\u1ebft k\u1ebf, \u0111\u00f3ng c\u00e1c lo\u1ea1i xe b\u00e1nh m\u00ec ch\u1ea3 c\u00e1 v\u1edbi m\u1eabu m\u00e3\u00a0 b\u1eaft m\u1eaft nhi\u1ec1u t\u00ednh n\u0103ng n\u1ed5i b\u1eadt, qu\u00fd kh\u00e1ch c\u00f3 th\u1ec3 tham kh\u1ea3o th\u00eam t\u1ea1i webiste: www.banhmichaca.vn<\/p>\n<p><img loading=\"lazy\" decoding=\"async\" class=\"size-full wp-image-65 aligncenter\" src=\"https:\/\/chacavungtau.com\/bai-viet\/wp-content\/uploads\/2017\/05\/first2.jpg\" alt=\"\" width=\"700\" height=\"394\" srcset=\"https:\/\/chacavungtau.com\/bai-viet\/wp-content\/uploads\/2017\/05\/first2.jpg 700w, https:\/\/chacavungtau.com\/bai-viet\/wp-content\/uploads\/2017\/05\/first2-600x338.jpg 600w, https:\/\/chacavungtau.com\/bai-viet\/wp-content\/uploads\/2017\/05\/first2-300x169.jpg 300w, https:\/\/chacavungtau.com\/bai-viet\/wp-content\/uploads\/2017\/05\/first2-696x392.jpg 696w\" sizes=\"auto, (max-width: 700px) 100vw, 700px\" \/><\/p>\n<p>N\u1ebfu qu\u00fd kh\u00e1ch ch\u01b0a mu\u1ed1n \u0111\u1ea7u t\u01b0 nhi\u1ec1u v\u00e0 s\u1ee3 r\u1ee7i ro trong kinh doanh b\u00e1nh m\u00ec ch\u1ea3 c\u00e1 hay mu\u1ed1n th\u1eed nghi\u1ec7m xe b\u00e1n b\u00e1nh m\u00ec ch\u1ea3 c\u00e1 c\u00f3 l\u1eddi kh\u00f4ng th\u00ec qu\u00fd kh\u00e1ch c\u00f3 th\u1ec3 thu\u00ea xe b\u00e1nh m\u00ec ch\u1ea3 c\u00e1 c\u1ee7a ch\u00fang t\u00f4i qua website: www.thuexebanhmi.com<\/p>\n<p>H\u00e3y \u0111\u1ec3 s\u1ef1 chuy\u00ean nghi\u1ec7p c\u1ee7a ch\u00fang t\u00f4i l\u00e0m h\u00e0i l\u00f2ng qu\u00fd kh\u00e1ch, ch\u1ea5t l\u01b0\u1ee3ng lu\u00f4n \u0111i v\u1edbi n\u0103m th\u00e1ng. Qu\u00fd kh\u00e1ch h\u00e3y c\u00e2n nh\u1eafc k\u1ef9 \u0111\u1ec3 ch\u1ecdn l\u1ef1a nh\u00e0 cung c\u1ea5p, v\u00ec \u0111\u00f3 l\u00e0 n\u01a1i m\u00e0 qu\u00fd kh\u00e1ch s\u1ebd g\u1eafn b\u00f3 l\u00e2u d\u00e0i trong qu\u00e1 tr\u00ecnh kinh doanh, \u0111\u01b0\u1ee3c hay b\u1ea1i c\u0169ng m\u1ed9t ph\u1ea7n \u1edf n\u00f3i s\u1ea3n xu\u1ea5t c\u00f3 t\u00e2m hay kh\u00f4ng. Ch\u00fac qu\u00fd kh\u00e1ch bu\u00f4n may b\u00e1n \u0111\u1eaft, g\u1eb7t h\u00e1i \u0111\u01b0\u1ee3c nhi\u1ec1u th\u00e0nh c\u00f4ng trong l\u0129nh v\u1ef1c b\u00e1n b\u00e1nh m\u00ec ch\u1ea3 c\u00e1 hay chi\u00ean ch\u1ea3 c\u00e1 ngo\u00e0i ch\u1ee3.<\/p>\n<p><em>Li\u00ean h\u1ec7: 0963 454 868 \u0111\u1ec3 \u0111\u01b0\u1ee3c t\u01b0 v\u1ea5n mi\u1ec5n ph\u00ed.<\/em><\/p>\n<p><em>Email: info@lily.vn<\/em><\/p>\n<p><em>Website: www.chacavungtau.com<\/em><\/p>\n","protected":false},"excerpt":{"rendered":"<p>Ch\u1ea3 c\u00e1 V\u0169ng T\u00e0u chuy\u00ean cung c\u1ea5p ch\u1ea3 c\u00e1 gi\u00e1 s\u1ec9, gi\u00e1 r\u1ebb cho th\u1ecb tr\u01b0\u1eddng B\u1eafc &#8211; Trung &#8211; Nam. \u0110\u1eb7c bi\u1ec7t \u1edf TP HCM, B\u00ecnh D\u01b0\u01a1ng ch\u00fang t\u00f4i c\u00f3 xe giao h\u00e0ng t\u1eadn n\u01a1i. V\u1edbi m\u1ee5c ti\u00eau v\u00e0 s\u1ee9 m\u1ec7nh \u0111em \u0111\u1ebfn th\u1ecb tr\u01b0\u1eddng ch\u1ea3 c\u00e1 ngu\u1ed3n sinh kh\u00ed m\u1edbi, Chacavungtau \u0111ang c\u1ed1 [&#8230;]\n","protected":false},"author":1,"featured_media":0,"parent":0,"menu_order":0,"comment_status":"closed","ping_status":"closed","template":"","meta":{"footnotes":""},"class_list":["post-92","page","type-page","status-publish","hentry"],"_links":{"self":[{"href":"https:\/\/chacavungtau.com\/bai-viet\/wp-json\/wp\/v2\/pages\/92","targetHints":{"allow":["GET"]}}],"collection":[{"href":"https:\/\/chacavungtau.com\/bai-viet\/wp-json\/wp\/v2\/pages"}],"about":[{"href":"https:\/\/chacavungtau.com\/bai-viet\/wp-json\/wp\/v2\/types\/page"}],"author":[{"embeddable":true,"href":"https:\/\/chacavungtau.com\/bai-viet\/wp-json\/wp\/v2\/users\/1"}],"replies":[{"embeddable":true,"href":"https:\/\/chacavungtau.com\/bai-viet\/wp-json\/wp\/v2\/comments?post=92"}],"version-history":[{"count":0,"href":"https:\/\/chacavungtau.com\/bai-viet\/wp-json\/wp\/v2\/pages\/92\/revisions"}],"wp:attachment":[{"href":"https:\/\/chacavungtau.com\/bai-viet\/wp-json\/wp\/v2\/media?parent=92"}],"curies":[{"name":"wp","href":"https:\/\/api.w.org\/{rel}","templated":true}]}}