{"id":3934,"date":"2019-11-02T07:42:57","date_gmt":"2019-11-02T00:42:57","guid":{"rendered":"https:\/\/chacavungtau.com\/bai-viet\/?page_id=3934"},"modified":"2019-11-02T07:42:58","modified_gmt":"2019-11-02T00:42:58","slug":"chinh-sach-bao-hanh","status":"publish","type":"page","link":"https:\/\/chacavungtau.com\/bai-viet\/chinh-sach-bao-hanh\/","title":{"rendered":"Ch\u00ednh s\u00e1ch b\u1ea3o h\u00e0nh"},"content":{"rendered":"\n<p>T\u1ea5t c\u1ea3 c\u00e1c s\u1ea3n ph\u1ea9m kim lo\u1ea1i mua t\u1ea1i Chacavungtau.com s\u1ebd \u0111\u01b0\u1ee3c h\u01b0\u1edfng ch\u00ednh s\u00e1ch b\u1ea3o h\u00e0nh mi\u1ec5n ph\u00ed 06 th\u00e1ng.<\/p>\n\n\n\n<p>\u2013 C\u00e1c s\u1ea3n ph\u1ea9m c\u00f2n th\u1eddi\ngian b\u1ea3o h\u00e0nh, nguy\u00ean v\u1eb9n tem m\u00e1c, kh\u00f4ng c\u00f3 d\u1ea5u hi\u1ec7u can thi\u1ec7p c\u01a1 l\u00fd h\u00f3a t\u00ednh.<\/p>\n\n\n\n<ul class=\"wp-block-list\"><li>C\u00e1c tr\u01b0\u1eddng h\u1ee3p kh\u00f4ng\n\u0111\u01b0\u1ee3c b\u1ea3o h\u00e0nh v\u00e0 s\u1ebd ti\u1ebfn h\u00e0nh thay \u0111\u1ed5i c\u00f3 t\u00ednh ph\u00ed<\/li><\/ul>\n\n\n\n<p>\u2013 H\u01b0 h\u1ecfng do ng\u01b0\u1eddi s\u1eed\nd\u1ee5ng, t\u00e1c \u0111\u1ed9ng c\u01a1 l\u00fd h\u00f3a t\u00ednh kh\u00e1ch quan hay ch\u1ee7 quan, b\u1ecb thay \u0111\u1ed5i k\u1ebft c\u1ea5u do\nm\u1ed9t b\u00ean th\u1ee9 3, l\u1ed7i do ng\u01b0\u1eddi d\u00f9ng s\u1eed d\u1ee5ng sai c\u00e1ch, sai m\u1ee5c \u0111\u00edch.<\/p>\n\n\n\n<p>\u2013 Qu\u00e1 th\u1eddi h\u1ea1n b\u1ea3o h\u00e0nh\nghi tr\u00ean phi\u1ebfu b\u1ea3o h\u00e0nh ho\u1eb7c h\u00f3a \u0111\u01a1n b\u00e1n h\u00e0ng<\/p>\n\n\n\n<p>\u2013 T\u1ef1 \u00fd th\u00e1o r\u1ee1, l\u1eafp \u0111\u1eb7t l\u1ea1i k\u1ebft c\u1ea5u s\u1ea3n ph\u1ea9m (gia c\u00f4ng) m\u00e0 kh\u00f4ng ph\u1ea3i k\u1ef9 thu\u1eadt vi\u00ean c\u1ee7a  Chacavungtau.com ph\u1ee5 tr\u00e1ch.<\/p>\n\n\n\n<ul class=\"wp-block-list\"><li>C\u00e1ch th\u1ee9c b\u1ea3o h\u00e0nh<\/li><\/ul>\n\n\n\n<p>\u0110\u1ec3 b\u1ea3o h\u00e0nh s\u1ea3n ph\u1ea9m,\nqu\u00fd kh\u00e1ch vui l\u00f2ng th\u1ef1c hi\u1ec7n theo quy tr\u00ecnh sau:<\/p>\n\n\n\n<p>\u2013 Li\u00ean h\u1ec7 hotline: 0963 454 868 \u0111\u1ec3 th\u00f4ng b\u00e1o t\u00ecnh tr\u1ea1ng s\u1ea3n ph\u1ea9m<\/p>\n\n\n\n<p>\u2013 Mang tr\u1ef1c ti\u1ebfp \u0111\u1ebfn  Chacavungtau.com  t\u1ea1i \u0111\u1ecba ch\u1ec9 tr\u00ean<\/p>\n\n\n\n<p>\u2013 S\u1ea3n ph\u1ea9m s\u1ebd \u0111\u01b0\u1ee3c b\u1ea3o\nh\u00e0nh theo quy \u0111\u1ecbnh c\u1ee7a nh\u00e0 s\u1ea3n xu\u1ea5t v\u00e0 nh\u00e0 ph\u00e2n ph\u1ed1i, th\u1eddi gian b\u1ea3o h\u00e0nh t\u00f9y\nthu\u1ed9c v\u00e0o t\u00ecnh tr\u1ea1ng s\u1ea3n ph\u1ea9m.<\/p>\n","protected":false},"excerpt":{"rendered":"<p>T\u1ea5t c\u1ea3 c\u00e1c s\u1ea3n ph\u1ea9m kim lo\u1ea1i mua t\u1ea1i Chacavungtau.com s\u1ebd \u0111\u01b0\u1ee3c h\u01b0\u1edfng ch\u00ednh s\u00e1ch b\u1ea3o h\u00e0nh mi\u1ec5n ph\u00ed 06 th\u00e1ng. \u2013 C\u00e1c s\u1ea3n ph\u1ea9m c\u00f2n th\u1eddi gian b\u1ea3o h\u00e0nh, nguy\u00ean v\u1eb9n tem m\u00e1c, kh\u00f4ng c\u00f3 d\u1ea5u hi\u1ec7u can thi\u1ec7p c\u01a1 l\u00fd h\u00f3a t\u00ednh. C\u00e1c tr\u01b0\u1eddng h\u1ee3p kh\u00f4ng \u0111\u01b0\u1ee3c b\u1ea3o h\u00e0nh v\u00e0 s\u1ebd ti\u1ebfn h\u00e0nh [&#8230;]\n","protected":false},"author":1,"featured_media":0,"parent":0,"menu_order":0,"comment_status":"closed","ping_status":"closed","template":"","meta":{"footnotes":""},"class_list":["post-3934","page","type-page","status-publish","hentry"],"_links":{"self":[{"href":"https:\/\/chacavungtau.com\/bai-viet\/wp-json\/wp\/v2\/pages\/3934","targetHints":{"allow":["GET"]}}],"collection":[{"href":"https:\/\/chacavungtau.com\/bai-viet\/wp-json\/wp\/v2\/pages"}],"about":[{"href":"https:\/\/chacavungtau.com\/bai-viet\/wp-json\/wp\/v2\/types\/page"}],"author":[{"embeddable":true,"href":"https:\/\/chacavungtau.com\/bai-viet\/wp-json\/wp\/v2\/users\/1"}],"replies":[{"embeddable":true,"href":"https:\/\/chacavungtau.com\/bai-viet\/wp-json\/wp\/v2\/comments?post=3934"}],"version-history":[{"count":1,"href":"https:\/\/chacavungtau.com\/bai-viet\/wp-json\/wp\/v2\/pages\/3934\/revisions"}],"predecessor-version":[{"id":3936,"href":"https:\/\/chacavungtau.com\/bai-viet\/wp-json\/wp\/v2\/pages\/3934\/revisions\/3936"}],"wp:attachment":[{"href":"https:\/\/chacavungtau.com\/bai-viet\/wp-json\/wp\/v2\/media?parent=3934"}],"curies":[{"name":"wp","href":"https:\/\/api.w.org\/{rel}","templated":true}]}}