{"id":3932,"date":"2019-11-02T06:44:47","date_gmt":"2019-11-01T23:44:47","guid":{"rendered":"https:\/\/chacavungtau.com\/bai-viet\/?page_id=3932"},"modified":"2019-11-02T06:44:48","modified_gmt":"2019-11-01T23:44:48","slug":"chinh-sach-doi-tra","status":"publish","type":"page","link":"https:\/\/chacavungtau.com\/bai-viet\/chinh-sach-doi-tra\/","title":{"rendered":"Ch\u00ednh s\u00e1ch \u0111\u1ed5i tr\u1ea3"},"content":{"rendered":"\n<ol class=\"wp-block-list\"><li>\u0110i\u1ec1u ki\u1ec7n \u0111\u1ed5i tr\u1ea3 h\u1ee3p\nl\u1ec7:<\/li><\/ol>\n\n\n\n<p>\u2013 S\u1ea3n ph\u1ea9m b\u1ecb l\u1ed7i k\u1ef9\nthu\u1eadt v\u00e0 l\u1ed7i do nh\u00e0 s\u1ea3n xu\u1ea5t<\/p>\n\n\n\n<p>\u2013 Giao h\u00e0ng kh\u00f4ng \u0111\u00fang\nm\u1eabu m\u00e3, m\u00e0u s\u1eafc, k\u00edch th\u01b0\u1edbc, th\u01b0\u01a1ng hi\u1ec7u theo lo\u1ea1i m\u00e0 kh\u00e1ch \u0111\u00e3 \u0111\u1eb7t<\/p>\n\n\n\n<p>\u2013 H\u00e0ng b\u1ecb giao kh\u00f4ng\n\u0111\u00fang v\u1edbi b\u1ea3n thi\u1ebft k\u1ebf (v\u00ed d\u1ee5: h\u00e0ng c\u1eaft laser CNC theo b\u1ea3n v\u1ebd\u2026)<\/p>\n\n\n\n<p>\u2013 H\u00e0ng b\u1ecb h\u01b0 h\u1ecfng, tray\nx\u01b0\u1edbc m\u00f3p m\u00e9o do qu\u00e1 tr\u00ecnh v\u1eadn chuy\u1ec3n<\/p>\n\n\n\n<p>Khi ph\u00e1t hi\u1ec7n nh\u1eefng tr\u01b0\u1eddng h\u1ee3p tr\u00ean, qu\u00fd kh\u00e1ch h\u00e0ng vui l\u00f2ng kh\u00f4ng  nh\u1eadn h\u00e0ng v\u00e0 y\u00eau c\u1ea7u nh\u00e2n vi\u00ean giao h\u00e0ng g\u1ecdi \u0111i\u1ec7n theo  hotline 0963 454 868 \u0111\u1ec3 x\u00e1c nh\u1eadn t\u00ecnh tr\u1ea1ng s\u1ea3n ph\u1ea9m ngay t\u1ea1i ch\u1ed7 v\u00e0 y\u00eau  c\u1ea7u \u0111\u1ed5i tr\u1ea3 l\u1ea1i h\u00e0ng. Trong tr\u01b0\u1eddng h\u1ee3p kh\u00e1ch h\u00e0ng kh\u00f4ng th\u00f4ng b\u00e1o ngay  l\u00fac \u0111\u00f3 th\u00ec trong v\u00f2ng 7 ng\u00e0y, qu\u00fd kh\u00e1ch h\u00e0ng b\u00e1o l\u1ea1i cho c\u00f4ng ty \u0111\u1ec3 \u0111\u01b0\u1ee3c  nh\u1eadn h\u1ed7 tr\u1ee3 \u0111\u1ed5i m\u1edbi s\u1ea3n ph\u1ea9m. Sau 7 ng\u00e0y Chacavungtau.com s\u1ebd kh\u00f4ng h\u1ed7 tr\u1ee3  gi\u1ea3i quy\u1ebft \u0111\u1ed5i tr\u1ea3 v\u00ec m\u1eb7c \u0111\u1ecbnh qu\u00fd kh\u00e1ch \u0111\u00e3 \u0111\u1ed3ng \u00fd v\u1edbi s\u1ea3n ph\u1ea9m \u0111\u01b0\u1ee3c  giao \u0111\u1ebfn t\u1eadn n\u01a1i. C\u00e1c tr\u01b0\u1eddng h\u1ee3p h\u01b0 h\u1ecfng s\u1ea3n ph\u1ea9m ho\u1eb7c b\u1ecb l\u1ed7i do nh\u00e0 s\u1ea3n  xu\u1ea5t s\u1ebd \u0111\u01b0\u1ee3c th\u1ef1c hi\u1ec7n theo ch\u00ednh s\u00e1ch b\u1ea3o h\u00e0nh khi c\u00f3 \u0111\u1ea7y \u0111\u1ee7 gi\u1ea5y t\u1edd  x\u00e1c minh \u0111i k\u00e8m.<\/p>\n\n\n\n<ul class=\"wp-block-list\"><li>Quy \u0111\u1ecbnh \u0111\u1ed5i tr\u1ea3<\/li><\/ul>\n\n\n\n<p>\u2013 Qu\u00fd kh\u00e1ch mua h\u00e0ng t\u1ea1i Chacavungtau.com \u0111\u01b0\u1ee3c 1 \u0111\u1ed5i 1 \u0111\u1ed1i v\u1edbi c\u00e1c s\u1ea3n ph\u1ea9m \u0111\u00e3 mua trong v\u00f2ng 7 ng\u00e0y k\u1ec3 t\u1eeb ng\u00e0y b\u00e1n ra n\u1ebfu c\u00f3 v\u1ea5n \u0111\u1ec1 tr\u1ee5c tr\u1eb7c.<\/p>\n\n\n\n<p>\u2013 S\u1ea3n ph\u1ea9m b\u1ecb l\u1ed7i s\u1ebd\n\u0111\u01b0\u1ee3c ph\u00f2ng k\u1ef9 thu\u1eadt x\u00e1c nh\u1eadn xem l\u1ed7i \u0111\u00f3 thu\u1ed9c v\u1ec1 nh\u00e0 s\u1ea3n xu\u1ea5t, do nh\u00e2n vi\u00ean\ngiao h\u00e0ng hay do t\u1eeb ph\u00eda kh\u00e1ch h\u00e0ng.<\/p>\n\n\n\n<p>\u2013 S\u1ea3n ph\u1ea9m \u0111\u01b0\u1ee3c \u0111\u1ed5i tr\u1ea3\nc\u1ea7n c\u00f2n \u0111\u1ee7 tem m\u00e1c, gi\u1eef nguy\u00ean hi\u1ec7n tr\u1ea1ng v\u00e0 c\u00f3 x\u00e1c nh\u1eadn t\u00ecnh tr\u1ea1ng h\u00e0ng h\u00f3a\nc\u1ee7a t\u1eeb 2 ph\u00eda.<\/p>\n\n\n\n<p>\u2013 C\u00f2n \u0111\u1ee7 gi\u1ea5y t\u1edd x\u00e1c\nminh nh\u01b0: h\u00f3a \u0111\u01a1n mua h\u00e0ng, m\u00e3 s\u1ea3n ph\u1ea9m, phi\u1ebfu giao nh\u1eadn, bi\u00ean lai\u2026<\/p>\n\n\n\n<p>\u2013 C\u0103n c\u1ee9 theo bi\u00ean lai\nk\u00fd nh\u1eadn b\u00ean giao h\u00e0ng v\u00e0 h\u00f3a \u0111\u01a1n mua h\u00e0ng, qu\u00fd kh\u00e1ch vui l\u00f2ng \u0111\u1ed5i tr\u1ea3 s\u1ea3n ph\u1ea9m\ntrong v\u00f2ng 7 ng\u00e0y, n\u1ebfu qu\u00e1 7 ng\u00e0y qu\u00fd kh\u00e1ch s\u1ebd kh\u00f4ng \u0111\u01b0\u1ee3c h\u01b0\u1edfng ch\u00ednh s\u00e1ch \u0111\u1ed5i\ntr\u1ea3 n\u1eefa.<\/p>\n\n\n\n<p>N\u1ebfu l\u1ed7i s\u1ea3n ph\u1ea9m thu\u1ed9c v\u1ec1 nh\u00e0 s\u1ea3n xu\u1ea5t, Chacavungtau.com s\u1ebd ch\u1ecbu to\u00e0n b\u1ed9 ph\u00ed \u0111\u1ed5i tr\u1ea3, qu\u00fd kh\u00e1ch h\u00e0ng kh\u00f4ng m\u1ea5t th\u00eam b\u1ea5t k\u1ef3 chi ph\u00ed n\u00e0o. Tuy nhi\u00ean, n\u1ebfu l\u1ed7i s\u1ea3n ph\u1ea9m do t\u1eeb ph\u00eda kh\u00e1ch h\u00e0ng ch\u00fang t\u00f4i s\u1ebd kh\u00f4ng nh\u1eadn \u0111\u1ed5i tr\u1ea3 ho\u1eb7c s\u1ebd \u0111\u1ed5i sang s\u1ea3n ph\u1ea9m kh\u00e1c v\u1edbi m\u1ee9c chi ph\u00ed h\u1ee3p l\u00fd \u0111\u01b0\u1ee3c th\u1ecfa thu\u1eadn gi\u1eefa hai b\u00ean. Trong ph\u1ea1m vi kinh doanh c\u1ee7a  Chacavungtau.com  s\u1ebd c\u00f3 nh\u1eefng m\u1eb7t h\u00e0ng kh\u00f4ng \u00e1p d\u1ee5ng \u0111i\u1ec1u ki\u1ec7n \u0111\u1ed5i tr\u1ea3 nh\u01b0 tr\u00ean. V\u00ec v\u1eady khi mua h\u00e0ng t\u01b0 v\u1ea5n vi\u00ean s\u1ebd t\u01b0 v\u1ea5n c\u1ee5 th\u1ec3 v\u1ec1 th\u1eddi h\u1ea1n c\u0169ng nh\u01b0 h\u00ecnh th\u1ee9c \u0111\u1ed5i tr\u1ea3 cho t\u1eebng s\u1ea3n ph\u1ea9m \u0111\u1ec3 qu\u00fd kh\u00e1ch n\u1eafm \u0111\u01b0\u1ee3c m\u1ed9t c\u00e1ch minh b\u1ea1ch nh\u1ea5t.<\/p>\n\n\n\n<ul class=\"wp-block-list\"><li>\u0110\u1ecba \u0111i\u1ec3m \u0111\u1ed5i tr\u1ea3<\/li><\/ul>\n\n\n\n<p>Khi th\u1ef1c hi\u1ec7n \u0111\u1ed5i tr\u1ea3\ns\u1ea3n ph\u1ea9m, qu\u00fd kh\u00e1ch h\u00e0ng th\u1ef1c hi\u1ec7n theo quy tr\u00ecnh sau:<\/p>\n\n\n\n<p>\u2013 N\u1ebfu giao nh\u1eadn t\u1ea1i nh\u00e0 v\u00e0 ph\u00e1t hi\u1ec7n ra s\u1ea3n ph\u1ea9m b\u1ecb l\u1ed7i, vui l\u00f2ng li\u00ean l\u1ea1c ngay l\u00fac \u0111\u00f3 \u0111\u1ebfn hotline 0963 454 868 \u0111\u1ec3 th\u00f4ng b\u00e1o t\u00ecnh h\u00ecnh v\u00e0 trao \u0111\u1ed5i v\u1ec1 h\u00ecnh th\u1ee9c \u0111\u1ed5i tr\u1ea3 s\u1ea3n ph\u1ea9m.<\/p>\n\n\n\n<p>\u2013 Trong v\u00f2ng 7 ng\u00e0y, qu\u00fd kh\u00e1ch c\u00f3 th\u1ec3 \u0111\u1ebfn tr\u1ef1c\u00a0ti\u1ebfp  Chacavungtau.com ,<\/p>\n\n\n\n<p>\u0110\u1ecba ch\u1ec9: 4\/4a B\u00f9i H\u1eefu Ngh\u0129a, B\u00ecnh \u0110\u1ee9c 2, B\u00ecnh H\u00f2a, Thu\u1eadn An, B\u00ecnh D\u01b0\u01a1ng.<\/p>\n\n\n\n<p> Chacavungtau.com  cam k\u1ebft b\u00e1n h\u00e0ng ch\u00ednh h\u00e3ng, \u0111\u1ea3m b\u1ea3o ch\u1ea5t l\u01b0\u1ee3ng v\u00e0 h\u1ed7 tr\u1ee3 b\u1ea3o h\u00e0nh theo ch\u00ednh s\u00e1ch sau:<\/p>\n\n\n\n<p>\u2013 Mi\u1ec5n ph\u00ed 1 \u0111\u1ed5i 1 trong\nv\u00f2ng 7 ng\u00e0y v\u1edbi s\u1ea3n ph\u1ea9m kh\u00f4ng \u0111\u00fang nh\u01b0 trong th\u1ecfa thu\u1eadn, h\u1ee3p \u0111\u1ed3ng.<\/p>\n\n\n\n<p>\u2013 B\u1ea3o h\u00e0nh 6 th\u00e1ng \u0111\u1ed1i\nv\u1edbi to\u00e0n b\u1ed9 s\u1ea3n ph\u1ea9m (y\u00eau c\u1ea7u sp ph\u1ea3i c\u00f2n nguy\u00ean hi\u1ec7n tr\u1ea1ng, ch\u01b0a can thi\u1ec7p l\u00fd\nh\u00f3a t\u00ednh).<\/p>\n\n\n\n<p>L\u01b0u \u00fd: th\u1eddi gian nh\u1eadn\nb\u1ea3o h\u00e0nh: 8.00 a.m \u2013 17.00 p.m<\/p>\n","protected":false},"excerpt":{"rendered":"<p>\u0110i\u1ec1u ki\u1ec7n \u0111\u1ed5i tr\u1ea3 h\u1ee3p l\u1ec7: \u2013 S\u1ea3n ph\u1ea9m b\u1ecb l\u1ed7i k\u1ef9 thu\u1eadt v\u00e0 l\u1ed7i do nh\u00e0 s\u1ea3n xu\u1ea5t \u2013 Giao h\u00e0ng kh\u00f4ng \u0111\u00fang m\u1eabu m\u00e3, m\u00e0u s\u1eafc, k\u00edch th\u01b0\u1edbc, th\u01b0\u01a1ng hi\u1ec7u theo lo\u1ea1i m\u00e0 kh\u00e1ch \u0111\u00e3 \u0111\u1eb7t \u2013 H\u00e0ng b\u1ecb giao kh\u00f4ng \u0111\u00fang v\u1edbi b\u1ea3n thi\u1ebft k\u1ebf (v\u00ed d\u1ee5: h\u00e0ng c\u1eaft laser CNC theo [&#8230;]\n","protected":false},"author":1,"featured_media":0,"parent":0,"menu_order":0,"comment_status":"closed","ping_status":"closed","template":"","meta":{"footnotes":""},"class_list":["post-3932","page","type-page","status-publish","hentry"],"_links":{"self":[{"href":"https:\/\/chacavungtau.com\/bai-viet\/wp-json\/wp\/v2\/pages\/3932","targetHints":{"allow":["GET"]}}],"collection":[{"href":"https:\/\/chacavungtau.com\/bai-viet\/wp-json\/wp\/v2\/pages"}],"about":[{"href":"https:\/\/chacavungtau.com\/bai-viet\/wp-json\/wp\/v2\/types\/page"}],"author":[{"embeddable":true,"href":"https:\/\/chacavungtau.com\/bai-viet\/wp-json\/wp\/v2\/users\/1"}],"replies":[{"embeddable":true,"href":"https:\/\/chacavungtau.com\/bai-viet\/wp-json\/wp\/v2\/comments?post=3932"}],"version-history":[{"count":1,"href":"https:\/\/chacavungtau.com\/bai-viet\/wp-json\/wp\/v2\/pages\/3932\/revisions"}],"predecessor-version":[{"id":3933,"href":"https:\/\/chacavungtau.com\/bai-viet\/wp-json\/wp\/v2\/pages\/3932\/revisions\/3933"}],"wp:attachment":[{"href":"https:\/\/chacavungtau.com\/bai-viet\/wp-json\/wp\/v2\/media?parent=3932"}],"curies":[{"name":"wp","href":"https:\/\/api.w.org\/{rel}","templated":true}]}}