{"id":3928,"date":"2019-11-02T06:30:42","date_gmt":"2019-11-01T23:30:42","guid":{"rendered":"https:\/\/chacavungtau.com\/bai-viet\/?page_id=3928"},"modified":"2019-11-02T06:39:45","modified_gmt":"2019-11-01T23:39:45","slug":"chinh-sach-thanh-toan","status":"publish","type":"page","link":"https:\/\/chacavungtau.com\/bai-viet\/chinh-sach-thanh-toan\/","title":{"rendered":"Ch\u00ednh s\u00e1ch thanh to\u00e1n"},"content":{"rendered":"\n<ol class=\"wp-block-list\"><li> <strong>Thanh to\u00e1n t\u1ea1i c\u1eeda h\u00e0ng<\/strong><br> Kh\u00e1ch h\u00e0ng sau khi l\u00e0m th\u1ee7 t\u1ee5c mua s\u1ea3n ph\u1ea9m t\u1ea1i c\u1eeda h\u00e0ng Chacavungtau.com kh\u00e1ch h\u00e0ng s\u1ebd thanh to\u00e1n b\u1eb1ng ti\u1ec1n m\u1eb7t cho nh\u00e2n vi\u00ean thu ng\u00e2n t\u1ea1i c\u1eeda h\u00e0ng:  <\/li><\/ol>\n\n\n\n<ul class=\"wp-block-list\"><li>\u0110\u1ecba ch\u1ec9: 4\/4a B\u00f9i H\u1eefu Ngh\u0129a, B\u00ecnh H\u00f2a, Thu\u1eadn An, B\u00ecnh D\u01b0\u01a1ng<\/li><li>\u0110i\u1ec7n tho\u1ea1i: 0963 454 868 &#8211; 098 342 0352<\/li><\/ul>\n\n\n\n<p><strong> 2. Thanh to\u00e1n qua chuy\u1ec3n kho\u1ea3n <\/strong><\/p>\n\n\n\n<p>\nKh\u00e1ch h\u00e0ng x\u00e1c nh\u1eadn th\u00f4ng tin s\u1ea3n ph\u1ea9m mua \nqua \u0111i\u1ec7n tho\u1ea1i ho\u1eb7c email, sau \u0111\u00f3 kh\u00e1ch chuy\u1ec3n kho\u1ea3n ch\u00ednh x\u00e1c s\u1ed1 ti\u1ec1n \nc\u1ea7n thanh to\u00e1n cho \u0111\u01a1n h\u00e0ng theo th\u00f4ng tin d\u01b0\u1edbi \u0111\u00e2y:\n\n<\/p>\n\n\n\n<ul class=\"wp-block-list\"><li><strong>VIETCOMBANK<\/strong><br>T\u00e0i kho\u1ea3n vietcombank chi nh\u00e1nh B\u00ecnh D\u01b0\u01a1ng <br>  S\u1ed1 t\u00e0i kho\u1ea3n : 0281 0004 00732<br> T\u00ean t\u00e0i kho\u1ea3n : PH\u1ea0M NG\u1eccC T\u00c2N<\/li><\/ul>\n\n\n\n<ul class=\"wp-block-list\"><li><strong>SACOMBANK<\/strong><br>Sacombank chi nh\u00e1nh L\u00e1i thi\u00eau, b\u00ecnh d\u01b0\u01a1ng. <br>S\u1ed1 t\u00e0i kho\u1ea3n: 060053336801<br>T\u00ean t\u00e0i kho\u1ea3n: \u0110O\u00c0N TH\u1eca NG\u1eccC TR\u00c2M<\/li><\/ul>\n\n\n\n<p>\n&nbsp;Sau khi nh\u1eadn \u0111\u01b0\u1ee3c s\u1ed1 ti\u1ec1n ch\u00ednh x\u00e1c thanh \nto\u00e1n cho \u0111\u01a1n h\u00e0ng, nh\u00e2n vi\u00ean b\u00e1n h\u00e0ng s\u1ebd g\u1ecdi \u0111i\u1ec7n tho\u1ea1i th\u00f4ng b\u00e1o \u0111\u01a1n \nh\u00e0ng th\u00e0nh c\u00f4ng v\u00e0 giao h\u00e0ng cho kh\u00e1ch.\n\n<\/p>\n\n\n\n<p><strong>3. Thanh to\u00e1n t\u1ea1i nh\u00e0:<\/strong><\/p>\n\n\n\n<p>Kh\u00e1ch h\u00e0ng  sau khi l\u00e0m th\u1ee7 t\u1ee5c mua s\u1ea3n ph\u1ea9m v\u00e0 \u0111\u1eb7t c\u1ecdc cho nh\u00e2n vi\u00ean thu ng\u00e2n t\u1ea1i  showroom tr\u1ef1c thu\u1ed9c, nh\u00e2n vi\u00ean s\u1ebd li\u00ean h\u1ec7 giao h\u00e0ng v\u00e0 nh\u1eadn ti\u1ec1n m\u1eb7t t\u1ea1i  nh\u00e0 kh\u00e1ch h\u00e0ng (\u00e1p d\u1ee5ng cho kh\u00e1ch h\u00e0ng khu v\u1ef1c th\u00e0nh ph\u1ed1 H\u1ed3 Ch\u00ed Minh v\u00e0 B\u00ecnh D\u01b0\u01a1ng). C\u00e1c t\u1ec9nh ngo\u1ea1i th\u00e0nh s\u1ebd g\u1eedi qua Ch\u00e0nh xe v\u1eadn chuy\u1ec3n.<\/p>\n\n\n\n<pre class=\"wp-block-verse\"><em><strong>L\u01b0u \u00fd: Gi\u00e1 b\u00e1n l\u1ebb \u0111\u1ec1 xu\u1ea5t tr\u00ean web l\u00e0 gi\u00e1 CH\u01afA bao g\u1ed3m VAT<\/strong><\/em><\/pre>\n\n\n\n<p>M\u1ecdi chi ti\u1ebft th\u1eafc m\u1eafc vui l\u00f2ng li\u00ean h\u1ec7 b\u1ed9 ph\u1eadn Ch\u0103m s\u00f3c kh\u00e1ch h\u00e0ng  <strong>098 342 0352.<\/strong><\/p>\n","protected":false},"excerpt":{"rendered":"<p>Thanh to\u00e1n t\u1ea1i c\u1eeda h\u00e0ng Kh\u00e1ch h\u00e0ng sau khi l\u00e0m th\u1ee7 t\u1ee5c mua s\u1ea3n ph\u1ea9m t\u1ea1i c\u1eeda h\u00e0ng Chacavungtau.com kh\u00e1ch h\u00e0ng s\u1ebd thanh to\u00e1n b\u1eb1ng ti\u1ec1n m\u1eb7t cho nh\u00e2n vi\u00ean thu ng\u00e2n t\u1ea1i c\u1eeda h\u00e0ng: \u0110\u1ecba ch\u1ec9: 4\/4a B\u00f9i H\u1eefu Ngh\u0129a, B\u00ecnh H\u00f2a, Thu\u1eadn An, B\u00ecnh D\u01b0\u01a1ng \u0110i\u1ec7n tho\u1ea1i: 0963 454 868 &#8211; 098 342 [&#8230;]\n","protected":false},"author":1,"featured_media":0,"parent":0,"menu_order":0,"comment_status":"closed","ping_status":"closed","template":"","meta":{"footnotes":""},"class_list":["post-3928","page","type-page","status-publish","hentry"],"_links":{"self":[{"href":"https:\/\/chacavungtau.com\/bai-viet\/wp-json\/wp\/v2\/pages\/3928","targetHints":{"allow":["GET"]}}],"collection":[{"href":"https:\/\/chacavungtau.com\/bai-viet\/wp-json\/wp\/v2\/pages"}],"about":[{"href":"https:\/\/chacavungtau.com\/bai-viet\/wp-json\/wp\/v2\/types\/page"}],"author":[{"embeddable":true,"href":"https:\/\/chacavungtau.com\/bai-viet\/wp-json\/wp\/v2\/users\/1"}],"replies":[{"embeddable":true,"href":"https:\/\/chacavungtau.com\/bai-viet\/wp-json\/wp\/v2\/comments?post=3928"}],"version-history":[{"count":2,"href":"https:\/\/chacavungtau.com\/bai-viet\/wp-json\/wp\/v2\/pages\/3928\/revisions"}],"predecessor-version":[{"id":3931,"href":"https:\/\/chacavungtau.com\/bai-viet\/wp-json\/wp\/v2\/pages\/3928\/revisions\/3931"}],"wp:attachment":[{"href":"https:\/\/chacavungtau.com\/bai-viet\/wp-json\/wp\/v2\/media?parent=3928"}],"curies":[{"name":"wp","href":"https:\/\/api.w.org\/{rel}","templated":true}]}}