{"id":362,"date":"2018-04-16T17:29:17","date_gmt":"2018-04-16T10:29:17","guid":{"rendered":"https:\/\/chacavungtau.com\/bai-viet\/?page_id=362"},"modified":"2018-04-16T17:30:42","modified_gmt":"2018-04-16T10:30:42","slug":"cach-bao-quan-cha-ca","status":"publish","type":"page","link":"https:\/\/chacavungtau.com\/bai-viet\/cach-bao-quan-cha-ca\/","title":{"rendered":"C\u00e1ch b\u1ea3o qu\u1ea3n ch\u1ea3 c\u00e1 \u0111\u1ec3 ngon v\u00e0 t\u01b0\u01a1i."},"content":{"rendered":"<p><strong>Mu\u1ed1n ch\u1ea3 c\u00e1 l\u00e2u h\u1ecfng, lu\u00f4n gi\u1eef \u0111\u01b0\u1ee3c v\u1ecb th\u01a1m ngon nh\u01b0 l\u00fac ban \u0111\u1ea7u th\u00ec kh\u00e2u b\u1ea3o qu\u1ea3n l\u00e0 m\u1ed9t y\u1ebfu t\u1ed1 quan tr\u1ecdng h\u00e0ng \u0111\u1ea7u. B\u1ea3o qu\u1ea3n kh\u00f4ng \u0111\u00fang c\u00e1ch \u00edt nhi\u1ec1u s\u1ebd \u1ea3nh h\u01b0\u1edfng \u0111\u1ebfn ch\u1ea5t l\u01b0\u1ee3ng s\u1ea3n ph\u1ea9m v\u00e0 v\u00f4 t\u00ecnh l\u00e0m m\u1ea5t \u0111i gi\u00e1 tr\u1ecb th\u1ef1c c\u1ee7a n\u00f3.<\/strong><\/p>\n<p>V\u00ec th\u1ebf, <strong><em>Chacavungtau.com<\/em> <\/strong>mu\u1ed1n nh\u1eafn g\u1eedi \u0111\u1ebfn qu\u00fd kh\u00e1ch h\u00e0ng \u0111\u00e3, \u0111ang v\u00e0 s\u1ebd s\u1eed d\u1ee5ng ch\u1ea3 c\u00e1 b\u1ecf t\u00fai nh\u1eefng \u0111i\u1ec1u sau \u0111\u00e2y.<\/p>\n<p><img loading=\"lazy\" decoding=\"async\" class=\"alignnone size-full wp-image-80\" src=\"https:\/\/chacavungtau.com\/bai-viet\/wp-content\/uploads\/2017\/06\/IMAG0350.jpg\" alt=\"\" width=\"900\" height=\"506\" srcset=\"https:\/\/chacavungtau.com\/bai-viet\/wp-content\/uploads\/2017\/06\/IMAG0350.jpg 900w, https:\/\/chacavungtau.com\/bai-viet\/wp-content\/uploads\/2017\/06\/IMAG0350-600x337.jpg 600w, https:\/\/chacavungtau.com\/bai-viet\/wp-content\/uploads\/2017\/06\/IMAG0350-300x169.jpg 300w, https:\/\/chacavungtau.com\/bai-viet\/wp-content\/uploads\/2017\/06\/IMAG0350-768x432.jpg 768w, https:\/\/chacavungtau.com\/bai-viet\/wp-content\/uploads\/2017\/06\/IMAG0350-696x391.jpg 696w, https:\/\/chacavungtau.com\/bai-viet\/wp-content\/uploads\/2017\/06\/IMAG0350-747x420.jpg 747w\" sizes=\"auto, (max-width: 900px) 100vw, 900px\" \/><\/p>\n<ol>\n<li><strong>B\u1ea3o qu\u1ea3n b\u1eb1ng ph\u01b0\u01a1ng ph\u00e1p \u01b0\u1edbp \u0111\u00e1 ph\u1ee7 k\u00edn b\u1ec1 m\u1eb7t ch\u1ea3 c\u00e1<\/strong><\/li>\n<\/ol>\n<p>\u0110\u00e2y l\u00e0 ph\u01b0\u01a1ng ph\u00e1p truy\u1ec1n th\u1ed1ng v\u00e0 kh\u00e1 ph\u1ed5 bi\u1ebfn. D\u00f9ng th\u00f9ng x\u1ed1p kho\u00e9t m\u1ed9t l\u1ed7 \u1edf \u0111\u00e1y th\u00f9ng v\u00e0 tr\u1ea3i m\u1ed9t l\u1edbp \u0111\u00e1 d\u00e0y kho\u1ea3ng 7cm d\u01b0\u1edbi \u0111\u00e1y th\u00f9ng. Sau \u0111\u00f3, cho b\u1ecbch ch\u1ea3 c\u00e1 v\u00e0o v\u00e0 tr\u1ea3i th\u00eam m\u1ed9t l\u1edbp \u0111\u00e1 l\u00ean tr\u00ean ph\u1ee7 k\u00edn b\u1ec1 m\u1eb7t ch\u1ea3, \u0111\u1eady n\u1eafp th\u00f9ng l\u1ea1i (b\u1ecbch ch\u1ea3 c\u00e1 s\u1ebd n\u1eb1m gi\u1eefa 2 l\u1edbp \u0111\u00e1).<\/p>\n<p><em>\u01afu \u0111i\u1ec3m<\/em>: V\u1edbi ph\u01b0\u01a1ng ph\u00e1p n\u00e0y, ch\u1ea3 c\u00e1 s\u1ebd gi\u1eef \u0111\u01b0\u1ee3c \u0111\u1ed9 t\u01b0\u01a1i ngon tuy\u1ec7t \u0111\u1ed1i v\u00e0 c\u00f3 th\u1ec3 s\u1eed d\u1ee5ng s\u1ea3n ph\u1ea9m b\u1ea5t k\u1ef3 l\u00fac n\u00e0o.<\/p>\n<p><em>Nh\u01b0\u1ee3c \u0111i\u1ec3m<\/em>: B\u1ea3o qu\u1ea3n theo c\u00e1ch n\u00e0y ch\u1ec9 gi\u1eef \u0111\u01b0\u1ee3c s\u1ea3n ph\u1ea9m 2 \u2013 3 ng\u00e0y.<\/p>\n<p><em>L\u01b0u \u00fd<\/em>: Th\u00f9ng x\u1ed1p c\u1ea7n kho\u00e9t m\u1ed9t l\u1ed7 \u1edf \u0111\u00e1y th\u00f9ng \u0111\u1ec3 r\u00fat n\u01b0\u1edbc. Kh\u00f4ng \u0111\u01b0\u1ee3c \u0111\u1ec3 n\u01b0\u1edbc th\u1ea5m v\u00e0o ch\u1ea3 c\u00e1 v\u00ec s\u1ebd gi\u1ea3m ch\u1ea5t l\u01b0\u1ee3ng.<\/p>\n<p>Th\u01b0\u1eddng xuy\u00ean cho th\u00eam \u0111\u00e1 \u0111\u1ec3 tr\u00e1nh t\u00ecnh tr\u1ea1ng h\u1ebft s\u1ea1ch \u0111\u00e1 l\u00e0m m\u1ea5t \u0111i \u0111\u1ed9 t\u01b0\u01a1i ngon c\u1ee7a ch\u1ea3.<\/p>\n<p>Lo\u1ea1i \u0111\u00e1 d\u00f9ng b\u1ea3o qu\u1ea3n ch\u1ea3 c\u00e1 b\u1eb1ng ph\u01b0\u01a1ng ph\u00e1p n\u00e0y l\u00e0 \u0111\u00e1 b\u00e0o ho\u1eb7c \u0111\u00e1 xay nhuy\u1ec5n, ph\u1ea3i d\u00f9ng \u0111\u00e1 c\u00e2y \u1edf c\u00e1c nh\u00e0 m\u00e1y sau \u0111\u00f3 xay nhuy\u1ec5n (ho\u1eb7c \u0111\u1eadp nh\u1ecf) \u0111\u1ec3 \u01b0\u1edbp c\u00e1. Kh\u00f4ng n\u00ean d\u00f9ng \u0111\u00e1 bi (\u0111\u00e1 u\u1ed1ng n\u01b0\u1edbc ng\u1ecdt ho\u1eb7c \u0111\u00e1 u\u1ed1ng bia) \u0111\u1ec3 \u01b0\u1edbp c\u00e1, v\u00ec nh\u1eefng lo\u1ea1i \u0111\u00e1 n\u00e0y cho d\u00f9 \u0111\u01b0\u1ee3c xay nhuy\u1ec5n th\u00ec \u0111\u1ed9 l\u1ea1nh v\u1eabn kh\u00f4ng b\u1eb1ng \u0111\u00e1 c\u00e2y.<\/p>\n<ol start=\"2\">\n<li><strong>B\u1ea3o qu\u1ea3n b\u1eb1ng ph\u01b0\u01a1ng ph\u00e1p c\u1ea5p \u0111\u00f4ng ch\u1ea3 c\u00e1<\/strong><\/li>\n<\/ol>\n<p>\u0110\u00e2y l\u00e0 ph\u01b0\u01a1ng ph\u00e1p gi\u00fap b\u1ea3o qu\u1ea3n th\u1ef1c ph\u1ea9m l\u00e2u nh\u1ea5t v\u00e0 ph\u1ed5 bi\u1ebfn nh\u1ea5t trong c\u00f4ng nghi\u1ec7p. Th\u1eddi gian b\u1ea3o qu\u1ea3n ch\u1ea3 c\u00e1 \u0111\u01b0\u1ee3c ng\u1eafn hay d\u00e0i l\u00e0 t\u00f9y thu\u1ed9c v\u00e0o th\u1eddi gian c\u1ea5p \u0111\u00f4ng v\u00e0 nhi\u1ec7t \u0111\u1ed9 m\u00f4i tr\u01b0\u1eddng c\u1ea5p \u0111\u00f4ng.<\/p>\n<p><em>\u01afu \u0111i\u1ec3m<\/em>: V\u1edbi ph\u01b0\u01a1ng ph\u00e1p n\u00e0y b\u1ea1n c\u00f3 th\u1ec3 b\u1ea3o qu\u1ea3n ch\u1ea3 c\u00e1 \u0111\u01b0\u1ee3c t\u1eeb 1 \u2013 2 tu\u1ea7n.<\/p>\n<p><em>Nh\u01b0\u1ee3c \u0111i\u1ec3m<\/em>: C\u1ea7n c\u00f3 th\u1eddi gian r\u00e3 \u0111\u00f4ng ch\u1ea3 c\u00e1 tr\u01b0\u1edbc khi s\u1eed d\u1ee5ng v\u00e0 ch\u1ea3 c\u00e1 \u0111\u00e3 \u0111\u01b0\u1ee3c r\u00e3 \u0111\u00f4ng c\u1ea7n \u0111\u01b0\u1ee3c nh\u1ed3i \u0111\u1ec1u tay l\u1ea1i \u0111\u1ec3 tr\u00e1nh ch\u1ea3 b\u1ecb b\u1ee1.<\/p>\n<p><em>L\u01b0u \u00fd<\/em>: K\u0129 thu\u1eadt r\u00e3 \u0111\u00f4ng c\u0169ng l\u00e0 m\u1ed9t y\u1ebfu t\u1ed1 quan tr\u1ecdng \u0111\u1ec3 gi\u1eef cho ch\u1ea3 c\u00e1 \u0111\u01b0\u1ee3c t\u01b0\u01a1i ngon, kh\u00f4ng m\u1ea5t \u0111i m\u00f9i v\u1ecb.<\/p>\n<ol start=\"3\">\n<li><strong>H\u01b0\u1edbng d\u1eabn c\u00e1ch r\u00e3 \u0111\u00f4ng ch\u1ea3 c\u00e1 \u0111\u00fang k\u0129 thu\u1eadt<\/strong><\/li>\n<\/ol>\n<p>Th\u00f4ng th\u01b0\u1eddng th\u00ec nhi\u1ec1u ng\u01b0\u1eddi r\u00e3 \u0111\u00f4ng ch\u1ea3 c\u00e1 b\u1eb1ng c\u00e1ch \u0111\u1ec3 b\u1ecbch ch\u1ea3 c\u00e1 \u1edf nhi\u1ec7t \u0111\u1ed9 ph\u00f2ng v\u00e0 ch\u1edd cho ch\u1ea3 c\u00e1 r\u00e3 \u0111\u00f4ng t\u1eeb t\u1eeb. Tuy nhi\u00ean, n\u1ebfu nhi\u1ec7t \u0111\u1ed9 m\u00f4i tr\u01b0\u1eddng cao th\u00ec ph\u1ea7n ch\u1ea3 c\u00e1 \u1edf b\u00ean ngo\u00e0i \u0111\u01b0\u1ee3c r\u00e3 \u0111\u00f4ng tr\u01b0\u1edbc s\u1ebd b\u1ecb \u01b0\u01a1n trong khi ph\u1ea7n ch\u1ea3 c\u00e1 b\u00ean trong v\u1eabn c\u00f2n \u0111\u00f4ng. Do \u0111\u00f3, c\u00e1c b\u1ea1n kh\u00f4ng n\u00ean r\u00e3 \u0111\u00f4ng b\u1eb1ng ph\u01b0\u01a1ng ph\u00e1p n\u00e0y.<\/p>\n<p>D\u01b0\u1edbi \u0111\u00e2y xin gi\u1edbi thi\u1ec7u v\u1edbi c\u00e1c b\u1ea1n 3 ph\u01b0\u01a1ng ph\u00e1p r\u00e3 \u0111\u00f4ng ch\u1ea3 c\u00e1 ph\u1ed5 bi\u1ebfn.<\/p>\n<p><strong>\u00a0\u00a0\u00a0\u00a0\u00a0 C\u00e1ch 1: R\u00e3 \u0111\u00f4ng b\u1eb1ng c\u00e1ch \u01b0\u1edbp \u0111\u00e1<\/strong><\/p>\n<p>D\u00f9ng th\u00f9ng x\u1ed1p kho\u00e9t m\u1ed9t l\u1ed7 \u1edf \u0111\u00e1y th\u00f9ng v\u00e0 tr\u1ea3i m\u1ed9t l\u1edbp \u0111\u00e1 d\u00e0y kho\u1ea3ng 7cm d\u01b0\u1edbi \u0111\u00e1y th\u00f9ng. Cho b\u1ecbch ch\u1ea3 c\u00e1 c\u1ea7n r\u00e3 \u0111\u00f4ng v\u00e0o v\u00e0 \u0111\u1eady n\u1eafp th\u00f9ng l\u1ea1i.<\/p>\n<p>Th\u1eddi gian r\u00e3 \u0111\u00f4ng ch\u1ea3 c\u00e1 b\u1eb1ng c\u00e1ch n\u00e0y kho\u1ea3ng t\u1eeb 12 \u2013 15 ti\u1ebfng.<\/p>\n<p><em>L\u01b0u \u00fd<\/em>: Th\u00f9ng x\u1ed1p d\u00f9ng \u0111\u1ec3 r\u00e3 \u0111\u00f4ng c\u1ea7n kho\u00e9t m\u1ed9t l\u1ed7 \u1edf \u0111\u00e1y th\u00f9ng \u0111\u1ec3 r\u00fat n\u01b0\u1edbc. Kh\u00f4ng \u0111\u01b0\u1ee3c \u0111\u1ec3 n\u01b0\u1edbc th\u1ea5m v\u00e0o ch\u1ea3 c\u00e1 v\u00ec s\u1ebd gi\u1ea3m ch\u1ea5t l\u01b0\u1ee3ng. C\u00e1c b\u1ecbch ch\u1ea3 c\u00e1 r\u00e3 \u0111\u00f4ng kh\u00f4ng n\u00ean ch\u1ed3ng l\u00ean nhau, n\u1ebfu kh\u00f4ng th\u1eddi gian r\u00e3 \u0111\u00f4ng s\u1ebd k\u00e9o d\u00e0i h\u01a1n d\u1ef1 ki\u1ebfn.<\/p>\n<p><strong>\u00a0\u00a0\u00a0\u00a0\u00a0 C\u00e1ch 2: R\u00e3 \u0111\u00f4ng b\u1eb1ng ng\u0103n m\u00e1t t\u1ee7 l\u1ea1nh<\/strong><\/p>\n<p>R\u00e3 \u0111\u00f4ng ch\u1ea3 c\u00e1 b\u1eb1ng c\u00e1ch n\u00e0y l\u00e0 t\u1ed1t nh\u1ea5t v\u00ec nhi\u1ec7t \u0111\u1ed9 m\u00f4i tr\u01b0\u1eddng lu\u00f4n gi\u1eef \u1edf m\u1ee9c \u1ed5n \u0111\u1ecbnh.<\/p>\n<p>Cho nh\u1eefng b\u1ecbch ch\u1ea3 c\u00e1 c\u1ea7n r\u00e3 \u0111\u00f4ng v\u00e0o ng\u0103n m\u00e1t t\u1ee7 l\u1ea1nh. Sau th\u1eddi gian t\u1eeb 15 \u2013 18 ti\u1ebfng ch\u1ea3 c\u00e1 s\u1ebd r\u00e3 \u0111\u00f4ng ho\u00e0n to\u00e0n.<\/p>\n<p><strong>\u00a0\u00a0\u00a0\u00a0\u00a0 C\u00e1ch 3: R\u00e3 \u0111\u00f4ng b\u1eb1ng c\u00e1ch cho v\u00e0o n\u01b0\u1edbc l\u00e3<\/strong><\/p>\n<p>D\u00f9ng b\u1ecbch nilon bu\u1ed9c ch\u1eb7t b\u1ecbch ch\u1ea3 c\u00e1 l\u1ea1i \u0111\u1ec3 n\u01b0\u1edbc kh\u00f4ng th\u1ec3 th\u1ea5m v\u00e0o. Cho b\u1ecbch ch\u1ea3 c\u00e1 c\u1ea7n r\u00e3 \u0111\u00f4ng v\u00e0o n\u01b0\u1edbc l\u00e3. Ch\u1edd kho\u1ea3ng 2 \u2013 3 ti\u1ebfng l\u00e0 ch\u1ea3 c\u00e1 s\u1ebd \u0111\u01b0\u1ee3c r\u00e3 \u0111\u00f4ng ho\u00e0n to\u00e0n.<\/p>\n<p>Tuy nhi\u00ean, n\u1ebfu th\u1eddi gian s\u1eed d\u1ee5ng ch\u1ea3 c\u00e1 kh\u00f4ng g\u1ea5p th\u00ec b\u1ea1n n\u00ean r\u00e3 \u0111\u00f4ng b\u1eb1ng c\u00e1ch 1 v\u00e0 c\u00e1ch 2.<\/p>\n<p><em>Truy c\u1eadp <\/em><a href=\"http:\/\/www.chacavungtau.com\"><strong><em>www.chacavungtau.com<\/em><\/strong><\/a> <em>\u0111\u1ec3\u00a0c\u1eadp nh\u1eadt th\u00eam b\u00e0i vi\u1ebft v\u00e0 t\u00ecm hi\u1ec3u th\u00eam th\u00f4ng tin v\u1ec1 c\u1ea3 c\u00e1.<\/em><\/p>\n","protected":false},"excerpt":{"rendered":"<p>Mu\u1ed1n ch\u1ea3 c\u00e1 l\u00e2u h\u1ecfng, lu\u00f4n gi\u1eef \u0111\u01b0\u1ee3c v\u1ecb th\u01a1m ngon nh\u01b0 l\u00fac ban \u0111\u1ea7u th\u00ec kh\u00e2u b\u1ea3o qu\u1ea3n l\u00e0 m\u1ed9t y\u1ebfu t\u1ed1 quan tr\u1ecdng h\u00e0ng \u0111\u1ea7u. B\u1ea3o qu\u1ea3n kh\u00f4ng \u0111\u00fang c\u00e1ch \u00edt nhi\u1ec1u s\u1ebd \u1ea3nh h\u01b0\u1edfng \u0111\u1ebfn ch\u1ea5t l\u01b0\u1ee3ng s\u1ea3n ph\u1ea9m v\u00e0 v\u00f4 t\u00ecnh l\u00e0m m\u1ea5t \u0111i gi\u00e1 tr\u1ecb th\u1ef1c c\u1ee7a n\u00f3. V\u00ec th\u1ebf, [&#8230;]\n","protected":false},"author":1,"featured_media":0,"parent":0,"menu_order":0,"comment_status":"closed","ping_status":"closed","template":"","meta":{"footnotes":""},"class_list":["post-362","page","type-page","status-publish","hentry"],"_links":{"self":[{"href":"https:\/\/chacavungtau.com\/bai-viet\/wp-json\/wp\/v2\/pages\/362","targetHints":{"allow":["GET"]}}],"collection":[{"href":"https:\/\/chacavungtau.com\/bai-viet\/wp-json\/wp\/v2\/pages"}],"about":[{"href":"https:\/\/chacavungtau.com\/bai-viet\/wp-json\/wp\/v2\/types\/page"}],"author":[{"embeddable":true,"href":"https:\/\/chacavungtau.com\/bai-viet\/wp-json\/wp\/v2\/users\/1"}],"replies":[{"embeddable":true,"href":"https:\/\/chacavungtau.com\/bai-viet\/wp-json\/wp\/v2\/comments?post=362"}],"version-history":[{"count":0,"href":"https:\/\/chacavungtau.com\/bai-viet\/wp-json\/wp\/v2\/pages\/362\/revisions"}],"wp:attachment":[{"href":"https:\/\/chacavungtau.com\/bai-viet\/wp-json\/wp\/v2\/media?parent=362"}],"curies":[{"name":"wp","href":"https:\/\/api.w.org\/{rel}","templated":true}]}}