{"id":123,"date":"2017-06-07T13:49:30","date_gmt":"2017-06-07T13:49:30","guid":{"rendered":"https:\/\/chacavungtau.com\/bai-viet\/?page_id=123"},"modified":"2017-06-07T13:49:30","modified_gmt":"2017-06-07T13:49:30","slug":"cha-ca-moi-cha-ca-vung-tau-gia-re","status":"publish","type":"page","link":"https:\/\/chacavungtau.com\/bai-viet\/cha-ca-moi-cha-ca-vung-tau-gia-re\/","title":{"rendered":"Ch\u1ea3 c\u00e1 m\u1ed1i &#8211; Ch\u1ea3 c\u00e1 V\u0169ng T\u00e0u gi\u00e1 r\u1ebb"},"content":{"rendered":"<h2>Ch\u1ea3 c\u00e1 V\u0169ng T\u00e0u l\u00e0 nh\u00e0 s\u1ea3n xu\u1ea5t v\u00e0 ph\u00e2n ph\u1ed1i ch\u1ea3 c\u00e1 M\u1ed1i h\u00e0ng \u0111\u1ea7u t\u1ea1i mi\u1ec1n Nam, v\u1edbi x\u01b0\u1edfng ch\u1ebf bi\u1ebfn l\u1edbn, c\u00f4ng su\u1ea5t m\u1ed9t ng\u00e0y cho ra h\u01a1n m\u1ed9t t\u1ea5n ch\u1ea3 c\u00e1 m\u1ed1i \u0111\u01b0\u1ee3c ti\u00eau th\u1ee5 h\u1ebft ngay trong ng\u00e0y. Nh\u1edd c\u00f3 s\u1ef1 \u0111\u1ea7u t\u01b0 v\u1ec1 trang thi\u1ebft b\u1ecb m\u00e1y m\u00f3c hi\u1ec7n \u0111\u1ea1i v\u00e0 \u0111\u1ea3m b\u1ea3o v\u1ec1 sinh an to\u00e0n th\u1ef1c ph\u1ea9m n\u00ean ch\u1ea3 c\u00e1 m\u1ed1i t\u1ea1i Chacavungtau.com lu\u00f4n \u0111\u01b0\u1ee3c c\u00e1c b\u1ea1n h\u00e0ng b\u00e1n b\u00e0nh m\u00ec ch\u1ea3 c\u00e1, ng\u01b0\u1eddi b\u00e1n ch\u1ea3 c\u00e1 ngo\u00e0i ch\u1ee3 tin t\u01b0\u1edfng v\u1ec1 ch\u1ea5t l\u01b0\u1ee3ng v\u00e0 s\u1ed1 l\u01b0\u1ee3ng.<\/h2>\n<figure id=\"attachment_124\" aria-describedby=\"caption-attachment-124\" style=\"width: 600px\" class=\"wp-caption aligncenter\"><img loading=\"lazy\" decoding=\"async\" class=\"wp-image-124 size-full\" src=\"https:\/\/chacavungtau.com\/bai-viet\/wp-content\/uploads\/2017\/06\/IMAG0391a_logo.jpg\" alt=\"\" width=\"600\" height=\"338\" srcset=\"https:\/\/chacavungtau.com\/bai-viet\/wp-content\/uploads\/2017\/06\/IMAG0391a_logo.jpg 600w, https:\/\/chacavungtau.com\/bai-viet\/wp-content\/uploads\/2017\/06\/IMAG0391a_logo-300x169.jpg 300w\" sizes=\"auto, (max-width: 600px) 100vw, 600px\" \/><figcaption id=\"caption-attachment-124\" class=\"wp-caption-text\">Ch\u1ea3 c\u00e1 m\u1ed1i V\u0169ng T\u00e0u gi\u00e1 r\u1ebb<\/figcaption><\/figure>\n<p>Qua h\u01a1n 4 n\u0103m trong l\u0129nh v\u1ef1c s\u1ea3n xu\u1ea5t v\u00e0 ph\u00e2n ph\u1ed1i ch\u1ea3 c\u00e1 ch\u00fang t\u00f4i lu\u00f4n hi\u1ec3u \u0111\u01b0\u1ee3c v\u1ecb gi\u00e1c c\u1ee7a kh\u00e1ch h\u00e0ng qua m\u1ed7i v\u00f9ng mi\u1ec1n n\u00ean s\u1ebd \u0111i\u1ec1u gia v\u1ecb sao cho khi \u0111\u1ebfn tay kh\u00e1ch h\u00e0ng, s\u1ea3n ph\u1ea9m \u0111\u01b0\u1ee3c ch\u1ebf bi\u1ebfn s\u1ebd c\u00f3 m\u00f9i, gia v\u1ecb \u0103n ngon nh\u1ea5t, h\u1ee3p nh\u1ea5t. Ch\u1ea3 c\u00e1 m\u1ed1i c\u00f3 h\u01b0\u01a1ng v\u1ecb \u0111\u1eb7c tr\u01b0ng ri\u00eang nh\u01b0 khi chi\u00ean c\u00f3 m\u00f9i r\u1ea5t th\u01a1m, \u0103n c\u00f3 v\u1ecb b\u00f9i c\u1ee7a c\u00e1 nhi\u1ec1u,&#8230;tuy nhi\u00ean ch\u1ea3 kh\u00f4ng \u0111\u01b0\u1ee3c dai b\u1eb1ng ch\u1ea3 c\u00e1 Thu hay Th\u00e1c L\u00e1c, n\u00ean v\u00ec v\u1eady ch\u1ec9 h\u1ee3p \u0111\u1ec3 chi\u00ean \u0103n h\u01a1n l\u00e0 nh\u1ed3i n\u1ea5u canh kh\u1ed5 qua, n\u1ea5u l\u1ea9u.<\/p>\n<p><img loading=\"lazy\" decoding=\"async\" class=\"size-full wp-image-58 aligncenter\" src=\"https:\/\/chacavungtau.com\/bai-viet\/wp-content\/uploads\/2017\/05\/cha-ca-voi-hanh-va-toi.jpg\" alt=\"\" width=\"600\" height=\"382\" srcset=\"https:\/\/chacavungtau.com\/bai-viet\/wp-content\/uploads\/2017\/05\/cha-ca-voi-hanh-va-toi.jpg 600w, https:\/\/chacavungtau.com\/bai-viet\/wp-content\/uploads\/2017\/05\/cha-ca-voi-hanh-va-toi-300x191.jpg 300w\" sizes=\"auto, (max-width: 600px) 100vw, 600px\" \/><\/p>\n<p>Ch\u00fang t\u00f4i hi\u1ec7n t\u1ea1i \u0111ang ph\u00e2n ph\u00f4i ch\u1ea3 c\u00e1 m\u1ed1i t\u1ea1i h\u1ea7u h\u1ebft c\u00e1c t\u1ec9nh mi\u1ec1n T\u00e2y nh\u01b0 C\u00e0 Mau, C\u1ea7n Th\u01a1, B\u1ea1c Li\u00eau, An Giang, Long An, Ti\u1ec1n Giang,&#8230;v\u00e0 V\u0129nh Long. Ngo\u00e0i ra ch\u00fang t\u00f4i c\u00f2n v\u1eadn chuy\u1ec3n t\u1eadn n\u01a1i t\u1ea1i c\u00e1c t\u1ec9nh B\u00ecnh D\u01b0\u01a1ng, TP HCM. Giao h\u00e0ng ngay trong ng\u00e0y, s\u1ed1 l\u01b0\u1ee3ng bao nhi\u00eau ch\u00fang t\u00f4i c\u0169ng \u0111\u00e1p \u1ee9ng \u0111\u01b0\u1ee3c \u0111\u1ea7y \u0111\u1ee7 v\u00e0 kh\u00f4ng h\u1ec1 gi\u1ea3m ch\u1ea5t l\u01b0\u1ee3ng.<\/p>\n<p>Quy c\u00e1ch \u0111\u00f2ng h\u00e0ng khi v\u1eadn chuy\u1ec3n \u0111i xa. \u0110\u1ec3 \u0111\u1ea3m b\u1ea3o ch\u1ea3 c\u00e1 m\u1ed1i \u0111\u01b0\u1ee3c t\u01b0\u01a1i ngon khi v\u1eadn chuy\u1ec3n \u0111\u1ebfn tay kh\u00e1ch h\u00e0ng, ch\u00fang t\u00f4i kh\u00f4ng ng\u1ea1i \u0111\u1ea7u t\u01b0 m\u00e1y m\u00f3c l\u00e0m \u0111\u00e1, xay \u0111\u00e1, c\u00e1c lo\u1ea1i th\u00f9ng x\u1ed1p l\u1edbn nh\u1ecf. Khi chuy\u1ec3n h\u00e0ng qua c\u00e1c t\u1ec9nh \u0111\u1ebfn trong ng\u00e0y, ch\u00fang t\u00f4i \u0111\u1ec1u \u01b0\u1edbp \u0111\u00e1 b\u00e0o v\u00e0 \u0111\u00f3ng trong th\u00f9ng x\u1ed1p k\u00edn \u0111\u1ea3m b\u1ea3o khi t\u1edbi n\u01a1i v\u1eabn c\u00f2n \u0111\u00e1 \u01b0\u1edbp l\u1ea1nh ch\u1ea3 c\u00e1.<\/p>\n<p><img loading=\"lazy\" decoding=\"async\" class=\"wp-image-125 aligncenter\" src=\"https:\/\/chacavungtau.com\/bai-viet\/wp-content\/uploads\/2017\/06\/xayda.jpg\" alt=\"\" width=\"443\" height=\"316\" \/><\/p>\n<p>Th\u1ef1c hi\u1ec7n \u0111\u00fang tr\u00ecnh t\u1ef1 v\u00e0 k\u1ef9 l\u01b0\u1ee3ng gi\u00fap kh\u00e1ch h\u00e0ng y\u00ean t\u00e2m v\u1ec1 ch\u1ea5t l\u01b0\u1ee3ng h\u00e0ng h\u00f2a, nh\u1edd \u0111\u00f3 \u0111\u01b0\u1ee3c \u0111\u00f4ng \u0111\u1ea3o m\u1ecdi ng\u01b0\u1eddi \u1ee7ng h\u1ed9 v\u00e0 qu\u1ea3ng b\u00e1 h\u00ecnh \u1ea3nh gi\u00fap c\u00f4ng ty. D\u01b0\u1edbi \u0111\u00e2y l\u00e0 m\u1ed9t s\u1ed1 nh\u1eadn x\u00e9t t\u1eeb kh\u00e1ch h\u00e0ng m\u00e0 Chacavungtau.com \u0111\u00e3 ghi nh\u1eadn l\u1ea1i \u0111\u01b0\u1ee3c:<\/p>\n<p><strong>Ch\u1ecb Ho\u00e0n (b\u00e1n ch\u1ea3 c\u00e1 b\u00e1n b\u00e0nh m\u00ec t\u1ea1i C\u00e0 Mau):<\/strong> <em>T\u1eeb d\u1ea1o l\u1ea5y ch\u1ea3 c\u00e1 b\u00ean c\u00f4ng ty, t\u00f4i r\u1ea5t h\u00e0i l\u00f2ng, ch\u1ec9 d\u1eabn t\u00f4i t\u1eadn t\u00ecnh, n\u1ebfu t\u00f4i c\u00f3 s\u01a1 xu\u1ea5t \u0111\u1ec3 c\u00e1 h\u01b0 th\u00ec c\u00f4ng ty v\u1eabn \u0111\u1ed5i cho t\u00f4i m\u00e0 kh\u00f4ng c\u1ea7n ph\u1ea3i \u0111\u1ec1n b\u00f9.<\/em><\/p>\n<p><strong>Anh To\u00e0n (b\u00e1n ch\u1ea3 c\u00e1 b\u00e1n ngo\u00e0i ch\u1ee3):<\/strong> <em>Ch\u1ea3 c\u00e1 ngon th\u01a1m l\u1ea1i r\u1ebb, \u01b0\u1edbp gia v\u1ecb v\u1eeba \u0103n, t\u00f4i b\u00e1n l\u00e2u r\u1ed3i n\u00ean c\u1ea7n ch\u1ed7 b\u1ea1n h\u00e0ng uy t\u00edn v\u00ec v\u1eady ch\u1ecdn Chacavungtau l\u00e0 r\u1ea5t y\u00ean t\u00e2m, g\u1ecdi l\u00e0 c\u00f3.<\/em><\/p>\n<p><strong>Ch\u1ecb N\u1ee5 ( B\u00e1n b\u00e1nh m\u00ec ch\u1ea3 c\u00e1):<\/strong> <em>Nhi\u1ec1u ch\u1ed7 ch\u00e0o h\u00e0ng t\u00f4i l\u1eafm, nh\u01b0ng tr\u01b0\u1edbc gi\u1edd l\u00e0m \u0103n v\u1edbi c\u00f4ng ty th\u1ea5y ok l\u1eafm n\u00ean\u00a0 kh\u00f4ng d\u00e1m nh\u1eadn ng\u01b0\u1eddi ta, s\u1ee3 \u0111\u01b0\u1ee3c v\u00e0i h\u00f4m ch\u1ea5t l\u01b0\u1ee3ng l\u1ea1i kh\u00f4ng \u0111\u1ea3m b\u1ea3o n\u1eefa, l\u1ea5y h\u00e0ng Chacavungtau l\u00e0 y\u00ean t\u00e2m b\u00e1n r\u1ed3i.<\/em><\/p>\n<p>&nbsp;<\/p>\n<p style=\"text-align: right;\"><em>Theo Chacavungtau<\/em><\/p>\n","protected":false},"excerpt":{"rendered":"<p>Ch\u1ea3 c\u00e1 V\u0169ng T\u00e0u l\u00e0 nh\u00e0 s\u1ea3n xu\u1ea5t v\u00e0 ph\u00e2n ph\u1ed1i ch\u1ea3 c\u00e1 M\u1ed1i h\u00e0ng \u0111\u1ea7u t\u1ea1i mi\u1ec1n Nam, v\u1edbi x\u01b0\u1edfng ch\u1ebf bi\u1ebfn l\u1edbn, c\u00f4ng su\u1ea5t m\u1ed9t ng\u00e0y cho ra h\u01a1n m\u1ed9t t\u1ea5n ch\u1ea3 c\u00e1 m\u1ed1i \u0111\u01b0\u1ee3c ti\u00eau th\u1ee5 h\u1ebft ngay trong ng\u00e0y. Nh\u1edd c\u00f3 s\u1ef1 \u0111\u1ea7u t\u01b0 v\u1ec1 trang thi\u1ebft b\u1ecb m\u00e1y m\u00f3c hi\u1ec7n [&#8230;]\n","protected":false},"author":1,"featured_media":124,"parent":0,"menu_order":0,"comment_status":"closed","ping_status":"closed","template":"","meta":{"footnotes":""},"class_list":["post-123","page","type-page","status-publish","has-post-thumbnail","hentry"],"_links":{"self":[{"href":"https:\/\/chacavungtau.com\/bai-viet\/wp-json\/wp\/v2\/pages\/123","targetHints":{"allow":["GET"]}}],"collection":[{"href":"https:\/\/chacavungtau.com\/bai-viet\/wp-json\/wp\/v2\/pages"}],"about":[{"href":"https:\/\/chacavungtau.com\/bai-viet\/wp-json\/wp\/v2\/types\/page"}],"author":[{"embeddable":true,"href":"https:\/\/chacavungtau.com\/bai-viet\/wp-json\/wp\/v2\/users\/1"}],"replies":[{"embeddable":true,"href":"https:\/\/chacavungtau.com\/bai-viet\/wp-json\/wp\/v2\/comments?post=123"}],"version-history":[{"count":0,"href":"https:\/\/chacavungtau.com\/bai-viet\/wp-json\/wp\/v2\/pages\/123\/revisions"}],"wp:featuredmedia":[{"embeddable":true,"href":"https:\/\/chacavungtau.com\/bai-viet\/wp-json\/wp\/v2\/media\/124"}],"wp:attachment":[{"href":"https:\/\/chacavungtau.com\/bai-viet\/wp-json\/wp\/v2\/media?parent=123"}],"curies":[{"name":"wp","href":"https:\/\/api.w.org\/{rel}","templated":true}]}}